{"id":76,"date":"2020-03-05T17:20:10","date_gmt":"2020-03-05T16:20:10","guid":{"rendered":"https:\/\/privat-patienten-service.de\/?page_id=76"},"modified":"2025-04-18T12:15:04","modified_gmt":"2025-04-18T10:15:04","slug":"service-abrechnung","status":"publish","type":"page","link":"https:\/\/privat-patienten-service.de\/?page_id=76","title":{"rendered":"Die Private Krankenvollversicherung"},"content":{"rendered":"\n<p><strong>Ihr individueller Schutz <\/strong><\/p>\n\n\n\n<p>Der Abschluss einer PKV sollte wohl durchdacht sein. Denn sowohl der Weg zur\u00fcck in die gesetzliche als auch der Wechsel zu einem anderen Versicherer oder in einen anderen Tarif kann schwierig bis unm\u00f6glich sein.<br>Nicht jeder kann in die private wechseln: Angestellte k\u00f6nnen die Gesetzliche Krankenversicherung nur bei \u00dcberschreiten der Versicherungspflichtgrenze verlassen. Freiberufler und Selbst\u00e4ndige sind diesbez\u00fcglich flexibler.<br>Ob ein Wechsel sinnvoll ist, h\u00e4ngt von einer Vielzahl an Faktoren ab \u2013 insbesondere dem Alter, der beruflichen- und Einkommenssituation sowie von der famili\u00e4ren Situation und der allgemeinen Lebensplanung. Die Entscheidung f\u00fcr die PKV gilt normalerweise langfristig. Eine R\u00fcckkehr in die GKV ist nur unter bestimmten Voraussetzungen m\u00f6glich, ab dem 55. Lebensjahr ist sie praktisch ausgeschlossen.<br>Ist die Entscheidung f\u00fcr die private Krankenversicherung gefallen, ist in einem weiteren Schritt das gew\u00fcnschte Leistungsniveau (unter Ber\u00fccksichtigung des Versicherungsbeitrags) und der Versicherer zu w\u00e4hlen. Dies ist durchaus komplex und sollte mit einem Fachmann gekl\u00e4rt werden.<br>Gern unterst\u00fctzen wir oder ein spezialisierter Experte aus unserem Netzwerk Sie bei der Entscheidung f\u00fcr (oder gegen) eine private Krankenversicherung. Kontaktieren Sie uns vorzugsweise <a href=\"mailto:info@communicads.de?subject=Anfrage%20neue%20PKV%20privat-patienten-service.de\">per Email<\/a>!<\/p>\n","protected":false},"excerpt":{"rendered":"<p>Ihr individueller Schutz Der Abschluss einer PKV sollte wohl durchdacht sein. Denn sowohl der Weg zur\u00fcck in die gesetzliche als auch der Wechsel zu einem anderen Versicherer oder in einen anderen Tarif kann schwierig bis<\/p>\n","protected":false},"author":1,"featured_media":0,"parent":0,"menu_order":0,"comment_status":"closed","ping_status":"closed","template":"","meta":{"footnotes":""},"class_list":["post-76","page","type-page","status-publish","hentry"],"_links":{"self":[{"href":"https:\/\/privat-patienten-service.de\/index.php?rest_route=\/wp\/v2\/pages\/76","targetHints":{"allow":["GET"]}}],"collection":[{"href":"https:\/\/privat-patienten-service.de\/index.php?rest_route=\/wp\/v2\/pages"}],"about":[{"href":"https:\/\/privat-patienten-service.de\/index.php?rest_route=\/wp\/v2\/types\/page"}],"author":[{"embeddable":true,"href":"https:\/\/privat-patienten-service.de\/index.php?rest_route=\/wp\/v2\/users\/1"}],"replies":[{"embeddable":true,"href":"https:\/\/privat-patienten-service.de\/index.php?rest_route=%2Fwp%2Fv2%2Fcomments&post=76"}],"version-history":[{"count":10,"href":"https:\/\/privat-patienten-service.de\/index.php?rest_route=\/wp\/v2\/pages\/76\/revisions"}],"predecessor-version":[{"id":25698,"href":"https:\/\/privat-patienten-service.de\/index.php?rest_route=\/wp\/v2\/pages\/76\/revisions\/25698"}],"wp:attachment":[{"href":"https:\/\/privat-patienten-service.de\/index.php?rest_route=%2Fwp%2Fv2%2Fmedia&parent=76"}],"curies":[{"name":"wp","href":"https:\/\/api.w.org\/{rel}","templated":true}]}}