{"id":45,"date":"2020-03-04T14:15:16","date_gmt":"2020-03-04T13:15:16","guid":{"rendered":"https:\/\/privat-patienten-service.de\/?page_id=45"},"modified":"2024-02-27T19:00:14","modified_gmt":"2024-02-27T18:00:14","slug":"impressum","status":"publish","type":"page","link":"https:\/\/privat-patienten-service.de\/?page_id=45","title":{"rendered":"Impressum und Erstinformation zur Erf\u00fcllung der ges. Informationspflicht gem. \u00a7 15 (1) VersVermV"},"content":{"rendered":"\n<figure class=\"wp-block-image size-large is-resized\"><a href=\"https:\/\/www.facebook.com\/profile.php?id=100094143236776\"><img loading=\"lazy\" decoding=\"async\" width=\"1024\" height=\"439\" src=\"https:\/\/privat-patienten-service.de\/wp-content\/uploads\/2020\/04\/iStock-579138058-1024x439.jpg\" alt=\"\" class=\"wp-image-98\" style=\"width:840px;height:360px\" srcset=\"https:\/\/privat-patienten-service.de\/wp-content\/uploads\/2020\/04\/iStock-579138058-1024x439.jpg 1024w, https:\/\/privat-patienten-service.de\/wp-content\/uploads\/2020\/04\/iStock-579138058-300x129.jpg 300w, https:\/\/privat-patienten-service.de\/wp-content\/uploads\/2020\/04\/iStock-579138058-768x329.jpg 768w, https:\/\/privat-patienten-service.de\/wp-content\/uploads\/2020\/04\/iStock-579138058-1536x658.jpg 1536w, https:\/\/privat-patienten-service.de\/wp-content\/uploads\/2020\/04\/iStock-579138058-2048x878.jpg 2048w\" sizes=\"auto, (max-width: 1024px) 100vw, 1024px\" \/><\/a><\/figure>\n\n\n\n<p>Dieses Impressum bezieht sich auch auf unsere <a href=\"https:\/\/www.facebook.com\/profile.php?id=100094143236776\">Facebook-Seite<\/a>.<br>privat-patienten-service.de wird betrieben von<br>CommunicAds UG (haftungsbeschr\u00e4nkt)<br>Christoph-Probst-Weg 4<br>20251 Hamburg<br><strong><strong>Telefon<\/strong><\/strong> <strong>f\u00fcr Anfragen zum PKV-Tarifwechsel\/\u201ePKV-Optimierung\u201c<\/strong>: +49 (0)40-228 637 439 (Sie werden ggf. direkt mit einem externen Spezialisten verbunden)<br><strong>Email<\/strong>: <a href=\"mailto:pkv-tarifwechsel@privat-patienten-service.de\">pkv-tarifwechsel@privat-patienten-service.de\u00a0<\/a><br>Sonstige Anfragen: +49 (0)381 670 559 28; service@privat-patienten-service.de<br>Web:\u00a0<a href=\"https:\/\/privat-patienten-service.de\/\">www.privat-patienten-service.de<\/a><br>AG Hamburg HRB: 145222<br>USt-ID: DE310522274<br>Vertretungsberechtigter Gesch\u00e4ftsf\u00fchrer sowie inhaltlich verantwortlich im Sinne des \u00a755 Abs. 2 des RStV bzw. gem\u00e4\u00df \u00a75 TMG: Michael Kyek<br>Ausgenommen sind entsprechend gekennzeichnete Inhalte. Sollten Ihnen auf der Seite Inhalte auffallen, die nach Ihrer Einsch\u00e4tzung nicht korrekt oder veraltet sind, kontaktieren Sie uns gern! F\u00fcr hier verlinkte Inhalte auf Seiten Dritter \u00fcbernehmen wir keine Verantwortung.<br><strong>T\u00e4tigkeitals Versicherungsmakler<\/strong><br>Versicherungsmakler mit einer Erlaubnis nach \u00a7 34 d Abs.1 der Gewerbeordnung. Im Zuge der Vermittlung von Versicherungsvertr\u00e4gen wird eine Beratung angeboten.<br><strong>Gemeinsame Registerstelle nach \u00a7 11 a Abs. 1 GewO:<\/strong><br>Deutsche Industrie- und Handelskammer (DIHK)<br>Breite Stra\u00dfe 29<br>10178 Berlin<br>Telefon: 0180 600 58 50<br>(Festnetzpreis 0,20 Euro\/Anruf; Mobilfunkpreise maximal 0,60 Euro\/Anruf)<br><a href=\"https:\/\/www.vermittlerregister.info\/\" target=\"_blank\" rel=\"noreferrer noopener\">www.vermittlerregister.info<\/a><br>Vermittlerregisternummer Versicherungsvermittlung: D-YM48-5BCAD-42<br><strong>Zust\u00e4ndige\u00a0Aufsichtsbeh\u00f6rde:<\/strong><br>Handelskammer Hamburg\u00a0<br>Adolphsplatz 1\u00a0<br>20457 Hamburg\u00a0<br>Tel.: 040 \/ 36 13 8-138\u00a0<br>Fax: 040 \/ 36 13 84 01\u00a0<br>E-Mail:\u00a0<a href=\"mailto:service@hk24.de\">service@hk24.de<\/a><br>Website: https:\/\/www.hk24.de<br><strong>Beteiligungen<\/strong><br>Der Versicherungsmakler h\u00e4lt keine unmittelbare oder mittelbare Beteiligung von mehr als 10 % der Stimmrechte oder des Kapitals an einem Versicherungsunternehmen.<br>Ein Versicherungsunternehmen h\u00e4lt keine mittelbare oder unmittelbare Beteiligung von mehr als 10 % der Stimmrechte oder des Kapitals am Versicherungsmakler.<br><strong>Verg\u00fctung<\/strong><br>Verg\u00fctet werden wir in der Regel f\u00fcr Vertragsabschl\u00fcsse und Betreuung laufender Vertr\u00e4ge mittels Courtagen, die in den Versicherungspr\u00e4mien enthalten sind. Dies hat gegen\u00fcber anderen Verg\u00fctungsformen Vor- und Nachteile f\u00fcr unsere Kunden, die wir im Einzelfall gern n\u00e4her erl\u00e4utern. Keinesfalls stellen wir unseren Kunden in diesem Zusammenhang Kosten f\u00fcr unsere Leistung in Rechnung. Auch dann nicht, wenn eine Vermittlungsleistung nicht durch einen Vertragsabschluss beendet wird.<br>Nur insofern keine solche Courtageverg\u00fctung in Frage kommt, vereinbaren wir mit unseren Kunden Geb\u00fchren f\u00fcr unsere Leistungen. Au\u00dferdem erhalten wir ggf. auch Verg\u00fctungen f\u00fcr die Vermittlung von Kundenanfragen gem\u00e4\u00df dem n\u00e4chsten Absatz.<br><strong>Kooperationspartner und Verg\u00fctungenaus Kooperationen<\/strong><br>Stellen wir bei Kunden einen Bedarf fest, den wir auf Grund berufsrechtlicher Regelungen, fehlender Spezialisierung oder fehlender Kapazit\u00e4ten nicht bedienen k\u00f6nnen, kann es in Abstimmung mit dem Kunden zu Weiterempfehlungen an Kooperationspartner anderer Berufe (z.B. Steuerberater, Rechtsanw\u00e4lte) bzw. mit anderer Spezialisierung kommen. Ggf. leiten wir neue Kundenanfragen im Sinne einer z\u00fcgigen Bearbeitung auch direkt an geeignete Spezialisten weiter. In solchen F\u00e4llen sind Verg\u00fctungen mittels einer Tippgebergeb\u00fchr oder einer Umsatzbeteiligung durch den jeweiligen Kooperationspartner m\u00f6glich.<br>Kooperationspartner stellen sich und Ihre Dienstleistung sowie deren Kosten jeweils mit dem Erstkontakt gem\u00e4\u00df den jeweils geltenden berufsrechtlichen Bestimmungen vor. Kooperationspartner agieren eigenverantwortlich: Die CommunicAds UG (haftungsbeschr\u00e4nkt) haftet nicht f\u00fcr Leistungen ihrer Kooperationspartner.<br><strong>Anschriften der Schlichtungsstellen:<\/strong><br>Schlichtungsstelle f\u00fcr gewerbliche Versicherungs-, Anlage- und Kreditvermittlung<br>Glockengie\u00dferwall 2<br>20095 Hamburg<\/p>\n\n\n\n<p>Versicherungsombudsmann e.V.<br>Postfach 08 06 32<br>10006 Berlin<br>Tel.: 0800 3696000 (kostenfrei aus deutschen Telefonnetzen)<br>Fax: 0800 3699000 (kostenfrei aus deutschen Telefonnetzen)<br>Internet: www.versicherungsombudsmann.de<\/p>\n\n\n\n<p>Ombudsmann f\u00fcr die Private Kranken- und Pflegeversicherung<br>Postfach 06 02 22<br>10052 Berlin<br>Tel.: 0800 2550444 (kostenfrei aus deutschen Telefonnetzen)<br>Fax: 030 20458931<br>Internet:&nbsp;<a href=\"https:\/\/www.pkv-ombudsmann.de\/\" target=\"_blank\" rel=\"noreferrer noopener\">www.pkv-ombudsmann.de<\/a><br><strong>Internes Beschwerdemanagement<\/strong><br>Sie k\u00f6nnen auch eine Beschwerde an uns adressieren. Nutzen Sie dazu die oben angegebenen Kontaktdaten. Wir werden Ihre Beschwerde pr\u00fcfen und nach Ursachen f\u00fcr den Gegenstand Ihrer Beschwerde suchen. Im Anschluss erhalten Sie umgehend R\u00fcckmeldung von uns.<\/p>\n","protected":false},"excerpt":{"rendered":"<p>Dieses Impressum bezieht sich auch auf unsere Facebook-Seite.privat-patienten-service.de wird betrieben vonCommunicAds UG (haftungsbeschr\u00e4nkt)Christoph-Probst-Weg 420251 HamburgTelefon f\u00fcr Anfragen zum PKV-Tarifwechsel\/\u201ePKV-Optimierung\u201c: +49 (0)40-228 637 439 (Sie werden ggf. direkt mit einem externen Spezialisten verbunden)Email: pkv-tarifwechsel@privat-patienten-service.de\u00a0Sonstige Anfragen: +49<\/p>\n","protected":false},"author":1,"featured_media":0,"parent":0,"menu_order":0,"comment_status":"closed","ping_status":"closed","template":"","meta":{"footnotes":""},"class_list":["post-45","page","type-page","status-publish","hentry"],"_links":{"self":[{"href":"https:\/\/privat-patienten-service.de\/index.php?rest_route=\/wp\/v2\/pages\/45","targetHints":{"allow":["GET"]}}],"collection":[{"href":"https:\/\/privat-patienten-service.de\/index.php?rest_route=\/wp\/v2\/pages"}],"about":[{"href":"https:\/\/privat-patienten-service.de\/index.php?rest_route=\/wp\/v2\/types\/page"}],"author":[{"embeddable":true,"href":"https:\/\/privat-patienten-service.de\/index.php?rest_route=\/wp\/v2\/users\/1"}],"replies":[{"embeddable":true,"href":"https:\/\/privat-patienten-service.de\/index.php?rest_route=%2Fwp%2Fv2%2Fcomments&post=45"}],"version-history":[{"count":26,"href":"https:\/\/privat-patienten-service.de\/index.php?rest_route=\/wp\/v2\/pages\/45\/revisions"}],"predecessor-version":[{"id":17500,"href":"https:\/\/privat-patienten-service.de\/index.php?rest_route=\/wp\/v2\/pages\/45\/revisions\/17500"}],"wp:attachment":[{"href":"https:\/\/privat-patienten-service.de\/index.php?rest_route=%2Fwp%2Fv2%2Fmedia&parent=45"}],"curies":[{"name":"wp","href":"https:\/\/api.w.org\/{rel}","templated":true}]}}