{"id":3,"date":"2020-02-27T13:53:04","date_gmt":"2020-02-27T12:53:04","guid":{"rendered":"https:\/\/privat-patienten-service.de\/?page_id=3"},"modified":"2025-03-17T06:39:21","modified_gmt":"2025-03-17T05:39:21","slug":"datenschutzerklaerung","status":"publish","type":"page","link":"https:\/\/privat-patienten-service.de\/?page_id=3","title":{"rendered":"Datenschutzerkl\u00e4rung"},"content":{"rendered":"\n<ol class=\"wp-block-list\">\n<li><strong>Verantwortliche Stelle f\u00fcr die Datenverarbeitungen und Kontaktm\u00f6glichkeiten<\/strong><br>Verantwortliche Stelle ist die<br>CommunicAds UG (haftungsbeschr\u00e4nkt)<br>Christoph-Probst-Weg 4<br>20251 Hamburg<br>Tel.: +49 (0)381 670 559 29<br>E-Mail: info@communicads.de<\/li>\n\n\n\n<li><strong>Was personenbezogene Daten sind und woher wir sie erhalten<\/strong><br>\u201ePersonenbezogene Daten\u201c sind alle Informationen, die sich auf eine identifizierte oder identifizierbare nat\u00fcrliche Person (im Folgenden \u201ebetroffene Person\u201c) beziehen; als identifizierbar wird eine nat\u00fcrliche Person angesehen, die direkt oder indirekt, insbesondere mittels Zuordnung zu einer Kennung wie einem Namen, zu einer Kennnummer, zu Standortdaten, zu einer Online-Kennung oder zu einem oder mehreren besonderen Merkmalen identifiziert werden kann, die Ausdruck der physischen, physiologischen, genetischen, psychischen, wirtschaftlichen, kulturellen oder sozialen Identit\u00e4t dieser nat\u00fcrlichen Person sind.<br><em>a) Daten, die beim Besuch der Internetseite anfallen<\/em><br>Sie k\u00f6nnen unsere Internetseiten grunds\u00e4tzlich ohne die Angabe personenbezogener Daten einsehen. Wir erfassen hierbei standardm\u00e4\u00dfig ausschlie\u00dflich: ggf. die Website, von der aus Sie<br>zu unserem Angebot gelangt sind, Ihren Internet-Service-Provider, welche Websites Sie innerhalb unseres Internet-Angebots besucht haben, Datum und Dauer Ihres<br>Besuches, eine verk\u00fcrzte Version Ihrer IP Adresse sowie Ihren Useragent. Diese Daten nutzen wir f\u00fcr Auswertungen, die uns eine stetige Verbesserung unserer Website, der Werbung und unseres Angebotes erm\u00f6glichen. Dar\u00fcber hinaus nutzt diese Website Cookies, die technisch erforderlich sind oder gem\u00e4\u00df Ihrer Einwilligung angewendet werden. Genauere Informationen finden Sie unten unter Punkt 8.<br><em>b) Personenbezogene Daten, die Sie uns \u00fcber ein Formular mitteilen<\/em> <br>Wir erhalten Ihre personenbezogenen Daten, wenn Sie diese Daten in die Formulare auf<br>unserer Seite eingeben und uns so zur Verf\u00fcgung stellen. Welche Daten dies genau sind, h\u00e4ngt davon ab, f\u00fcr welche Dienstleistung Sie sich interessieren. \u00dcber die jeweils aus dem Formular ersichtlichen Daten hinaus werden bei einer Anfrage zu Nachweiszwecken (s. Ziffer 3b) Ihre IP-Adresse sowie der Zeitpunkt Ihrer Anfrage gespeichert, zum Zweck der Bearbeitung die URL der Seite sowie &#8211; bei entsprechender Einwilligung durch Sie &#8211; zu Zwecken einer nutzerfreundlichen und effizienten Gestaltung von Werbema\u00dfnahmen, ggf. Information zur Werbung, die Sie zu unserer Seite gef\u00fchrt hat. <br>Sofern entsprechend ausgewiesen, werden Ihre abgeschickten Formulardaten bei einem spezialisierten Partner erhoben (s. hierzu auch Abschnitt 4c).<br><em>c) Personenbezogene Daten, die aus Telefonanrufen bei oder Emails an uns resultieren<\/em><br>Personenbezogene Daten, die Sie uns im Rahmen von Telefonanrufen und Emails mitteilen oder automatisch \u00fcbermitteln, speichern wir zu Nachweiszwecken und\/oder zur Bearbeitung Ihres mit der Kontaktaufnahme verbundenen Anliegens. Rufen Sie unter einer Telefonnummer an, die mit einem bestimmten Service verbunden ist, werden Sie ggf. direkt mit einem spezialisierten Anbieter aus unserem Netzwerk verbunden, um Ihnen m\u00f6glichst schnell weiterzuhelfen. Vergleichen Sie hierzu Abschnitt 4 Unterabschnitt c. In diesem Fall erhalten Sie im Anschluss an das Gespr\u00e4ch die Informationen zur Datenverarbeitung des Anbieters mit einer Email oder per Post. <br>Allgemeines zu Rechtm\u00e4\u00dfigkeit und Zwecken der Datenverarbeitung erfahren Sie in<br>Abschnitt 3.<\/li>\n\n\n\n<li><strong>Zu welchen Zwecken wir Ihre personenbezogenen Daten verwenden<\/strong><br>Personenbezogene Daten d\u00fcrfen von uns nur mit Ihrer oder einer gesetzlichen Erlaubnis aus der DSGVO, dem BDSG oder einem anderen den Datenschutz regelnden Gesetzen<br>verarbeitet werden.<br><em>a) Verarbeitung zur Erf\u00fcllung von vorvertraglichen und vertraglichen Pflichten (Art. 6 Abs. 1<br>b DSGVO)<\/em><br>Die Erhebung Ihrer personenbezogenen Daten dient uns in erster Linie dazu, die Dienst- und Beratungsleistungen, die Sie w\u00fcnschen, anzubieten bzw. durch unsere Kooperationspartner<br>(vgl. Abschnitt 4 Unterabschnitt c) anbieten zu lassen. Ferner werden Daten auch mittels Abfragen von Merkmalen zur automatisierten Zielgruppenbildung (\u201eProfiling\u201c) verarbeitet.<br>Zweck ist es, Sie als Kunden effizient \u00fcber solche Markt- oder Gesetzes\u00e4nderungen, allgemeine Fristen und dergleichen mehr zu informieren, die Sie auf Grund gewisser Merkmale oder bestehender Versicherungen betreffen. Teilweise ist eine solche Verarbeitung auch auf Grund gesetzlicher Einschr\u00e4nkungen bzw. Vorgaben bzgl. bestimmten Arten von Produkten erforderlich.<br><em>b) Verarbeitung zur Wahrung von berechtigten Interessen (Art. 6 Abs. 1 f DSGVO)<\/em><br>In gewissen F\u00e4llen verarbeiten wir Ihre Daten, damit wir unsere oder die Interessen eines Dritten wahren k\u00f6nnen. Au\u00dferdem verarbeiten wir gewisse Daten, die bei der Nutzung unserer Internetseite anfallen, um Ihnen zu erm\u00f6glichen, sie zu benutzen,  um die Sicherheit unserer IT-Systeme zu gew\u00e4hrleisten und um das Angebot auf der Seite sowie Werbema\u00dfnahmen zu verbessern. Bei diesen Daten handelt es sich jedoch nicht um personenbezogene Daten (vgl. Ziffer 2 a).<br><em>c) Verarbeitung aufgrund Ihrer Einwilligung (Art. 6 Abs. 1 a DSGVO<\/em>)<br>Teilweise verarbeiten wir Ihre Daten aufgrund einer ausdr\u00fccklichen Einwilligung. So bedarf<br>z.B. die Nutzung Ihrer Daten f\u00fcr werblichen Kontakt (etwa der Versand eines Newsletters) Ihrer ausdr\u00fccklichen Einwilligung. Au\u00dferdem kann bei der Vermittlung von Kranken-, Lebens- oder Unfallversicherungen die Verarbeitung von Gesundheitsdaten erforderlich werden. Gem\u00e4\u00df Art. 9 Abs. 1 DSGVO ist auch hierf\u00fcr Ihre Einwilligung Grundlage. Die Einwilligung f\u00fcr die<br>Verarbeitung Ihrer personenbezogenen Daten durch die von CommunicAds eingesetzten Dienstleister ist erforderlich, wenn diese nicht als CommunicAds&#8216; Auftragsverarbeiter i.S.d. Art. 28 DSGVO t\u00e4tig sind oder die Weitergabe unmittelbar zu einer sachgerechte Erf\u00fcllung eines Auftrags f\u00fchrt.<br><em>d) Aufgrund gesetzlicher Vorgaben (Art. 6 Abs. 1 c DSGVO)<\/em><br>Schlie\u00dflich verarbeiten wir Ihre Daten, um steuerliche und handelsrechtliche Buchf\u00fchrungs- und Aufzeichnungspflichten sowie ggf. weitere gesetzliche Anforderungen zu erf\u00fcllen.<\/li>\n\n\n\n<li><strong>Wer Ihre Daten empf\u00e4ngt<\/strong><br>Im Rahmen der Vermittlung und Unterst\u00fctzung bei der Verwaltung von Versicherungsvertr\u00e4gen sowie der damit einhergehenden B\u00fcrot\u00e4tigkeiten werden \u2013 je nach Bedarf im Einzelfall \u2013 Daten an folgende Kategorien von Empf\u00e4ngern \u00fcbermittelt:<br>&#8211; Maklerpools<br>&#8211; Produktanbieter (Versicherungsunternehmen, Sozialversicherungstr\u00e4ger)<br>&#8211; spezialisierte Experten zur Bearbeitung spezifischer Anfragen<br>&#8211; IT-Dienstleister<br>&#8211; etwaige Rechtsnachfolger<br>&#8211; \u00d6ffentliche Einrichtungen, die Daten wegen gesetzlicher Vorschriften oder rechtlicher<br>Interessen erhalten (z.B. Finanzbeh\u00f6rden, Aufsichtsbeh\u00f6rden, Gerichte)<br>&#8211; Rechtsanw\u00e4lte (im Bedarfsfall)<br>Sollte sich diese Liste, etwa im Zuge gesetzlicher \u00c4nderungen oder einer Ausweitung der<br>Dienstleistungen erweitern, wird CommunicAds Sie im Falle einer laufenden Vertragsbeziehung dar\u00fcber informieren.<br><em>a) Maklerpools<\/em><br>Maklerpools unterst\u00fctzen CommunicAds im Verh\u00e4ltnis zu den Versicherern (Abwicklung von Antr\u00e4gen, Abfrage von Angeboten, Verhandlung und Verwaltung von Abschluss- und<br>Betreuungsverg\u00fctungen). Sie erm\u00f6glichen so, dass CommunicAds den Beratungs- und Vermittlungsverpflichtungen Ihnen gegen\u00fcber mithilfe eines breiten Produktangebots nachkommen kann. An sie werden Daten im Rahmen von Risikovorabanfragen (wenn nicht anders vereinbart, anonymisiert oder pseudonymisiert) sowie im Rahmen von Antr\u00e4gen \u00fcbermittelt. Maklerpools sind Auftragsdatenverarbeiter von CommunicAds. CommunicAds unterst\u00fctzen derzeit folgende Maklerpools (eine stets aktuelle Liste findet sich unter Datenschutz auf https:\/\/privat-patienten-service.de):<br>Fonds Finanz Maklerservice GmbH, Riesstra\u00dfe 25, 80992 M\u00fcnchen, Deutschland<br>Jung, DMS &amp; Cie. Pool GmbH, Kormoranweg 1, 65201 Wiesbaden, Deutschland<br><em>b) Produktanbieter<\/em><br>Die jeweiligen Produktanbieter, an die Daten im Rahmen der Beantragung eines bestimmten Versicherungsschutzes \u00fcbermittelt werden, werden Ihnen ggf. im Zuge der Beratung<br>genannt. Im Falle einer solchen Beantragung adressieren Sie \u2013 sofern im Einzelfall nicht anderweitig vereinbart \u2013 Ihre Daten ein weiteres mal direkt an den Anbieter und werden \u00fcber die Datenverarbeitung informiert und willigen ggf. in bestimmte Datenverarbeitungen durch den Produktanbieter ein. Vorabanfragen zu Angeboten indes, die Gesundheitsdaten enthalten, erfolgen \u2013 sofern nicht anders mit Ihnen abgestimmt \u2013 anonymisiert bzw. pseudonomisiert.<br><em>c) Externe Experten<\/em><br>Die Bearbeitung der \u00fcber die Websites m\u00f6glichen Anfragen bedarf teilweise eines hohen Ma\u00dfes an Spezialisierung. Daher enth\u00e4lt die Seite Formulare f\u00fcr Anfragen bei externen Partnern, die in diesen F\u00e4llen Ihre Daten empfangen. Dies ist dann am Formular entsprechend gekennzeichnet. Sie finden dort auch Links zu weiteren Informationen zum jeweiligen Spezialisten sowie der Verarbeitung Ihrer Daten durch diesen.<br><em>d) IT-Dienstleister<\/em><br>IT-Dienstleister werden von CommunicAds mit dem Webhosting (Bereitstellen der Internetpr\u00e4senz), der Bereitstellung Email-Services sowie zur Datensicherung beauftragt. Dies betrifft die im Rahmen von elektronischer Kommunikation ausgetauschten sowie von CommunicAds gespeicherte Daten. IT-Dienstleister sind Auftragsdatenverarbeiter und als solche verpflichtet, nur auf Weisung von CommunicAds zu handeln. CommunicAds unterst\u00fctzen derzeit folgende IT-Dienstleister (eine stets aktuelle Liste findet sich unter Datenschutz auf https:\/\/privat-patienten-service.de):<br>1&amp;1 IONOS SE, Elgendorfer Stra\u00dfe 57, 56410 Montabaur, Deutschland<\/li>\n\n\n\n<li><strong>Wie lange Ihre Daten gespeichert werden<\/strong><br>Ihre Daten werden f\u00fcr die Dauer des zwischen CommunicAds und Ihnen bestehenden Vertragsverh\u00e4ltnisses gespeichert. Nach dessen Beendigung findet eine weitere Datenverarbeitung nur noch zu den in Art. 17 Abs. 3 und Art. 18 Abs. 2 DSGVO genannten Zwecken statt, insbesondere zur Einhaltung gesetzlicher Aufbewahrungspflichten sowie zur Geltendmachung und Aus\u00fcbung von Rechtsanspr\u00fcchen bzw. zur Verteidigung gegen solche, wie etwa durch Nachweis einer ordnungsgem\u00e4\u00dfen Beratung. Beratungsprotokolle und sonstige Unterlagen zum Nachweis ordnungsgem\u00e4\u00dfer Beratung und zur Verteidigung gegen Anspr\u00fcche werden von CommunicAds daher bis zum Ablauf der jeweiligen Verj\u00e4hrungsfrist (bis zu 30 Jahre) aufbewahrt. Werden Ihre personenbezogenen Daten zu den hier genannten Zwecken nicht mehr ben\u00f6tigt, werden diese von CommunicAds vollst\u00e4ndig und irreversibel gel\u00f6scht.<\/li>\n\n\n\n<li><strong>Ihre Rechte<\/strong><br>Die Datenschutzgrundverordnung garantiert Ihnen umf\u00e4ngliche Rechte, die Sie uns gegen\u00fcber geltend machen k\u00f6nnen. Sie haben das Recht:<\/li>\n<\/ol>\n\n\n\n<ul class=\"wp-block-list\">\n<li>von uns eine Best\u00e4tigung dar\u00fcber zu verlangen, ob Sie betreffende<br>personenbezogene Daten verarbeitet werden und wenn ja, die n\u00e4heren Umst\u00e4nde der Datenverarbeitung (Art. 15 DSGVO: Auskunftsrecht der betroffenen Person),<\/li>\n\n\n\n<li>von uns unverz\u00fcglich die Berichtigung Sie betreffender unrichtiger personenbezogener Daten zu verlangen. Dabei haben Sie unter Ber\u00fccksichtigung der Zwecke der Verarbeitung auch das Recht, die Vervollst\u00e4ndigung unvollst\u00e4ndiger personenbezogener Daten \u2013 auch mittels einer erg\u00e4nzenden Erkl\u00e4rung \u2013 zu verlangen(Art. 16 DSGVO: Recht auf Berichtigung),<\/li>\n\n\n\n<li>von uns zu verlangen, dass Sie betreffende personenbezogene Daten unverz\u00fcglich gel\u00f6scht werden (Art. 17 DSGVO: Recht auf L\u00f6schung; etwaige Einschr\u00e4nkungen aus den unter Ziffer 5 genannten Gr\u00fcnden sind m\u00f6glich),<\/li>\n\n\n\n<li>von uns die Einschr\u00e4nkung der Verarbeitung zu verlangen (Art. 18 DSGVO: Recht auf Einschr\u00e4nkung der Verarbeitung),<\/li>\n\n\n\n<li>im Falle der Verarbeitung aufgrund einer Einwilligung oder zur Erf\u00fcllung eines Vertrags, die Sie betreffenden personenbezogenen Daten, die Sie uns bereitgestellt haben, in einem strukturierten, g\u00e4ngigen und maschinenlesbaren Format zu erhalten, und diese Daten einem anderen Verantwortlichen ohne Behinderung durch uns zu \u00fcbermitteln oder die Daten direkt an den anderen Verantwortlichen zu \u00fcbermitteln, soweit dies technisch machbar ist (Art. 20 DSGVO: Recht auf Daten\u00fcbertragbarkeit),<\/li>\n\n\n\n<li>jederzeit Beschwerde bei einer Aufsichtsbeh\u00f6rde, insbesondere in dem Mitgliedstaat ihres Aufenthaltsorts, ihres Arbeitsplatzes oder des Orts des mutma\u00dflichen Versto\u00dfes, einzulegen, wenn Sie der Ansicht sind, dass die Verarbeitung der sie betreffenden personenbezogenen Daten gegen geltendes Recht verst\u00f6\u00dft (Art. 77 DSGVO i. V. m. \u00a7 19 BDSG: Recht auf Beschwerde bei einer Aufsichtsbeh\u00f6rde),<\/li>\n\n\n\n<li>aus Gr\u00fcnden, die sich aus Ihrer besonderen Situation ergeben, jederzeit gegen die Verarbeitung Sie betreffender personenbezogener Daten, die f\u00fcr die Wahrung einer Aufgabe im \u00f6ffentlichen Interesse erforderlich ist, oder die in Aus\u00fcbung \u00f6ffentlicher Gewalt erfolgt, Widerspruch einzulegen (Art. 21 DSGVO: Widerspruchsrecht) und schlie\u00dflich<\/li>\n\n\n\n<li>haben Sie das Recht, sofern Sie uns eine Einwilligung erteilt haben,  Ihre Einwilligung jederzeit zu widerrufen. Alle Datenverarbeitungen die wir bis zu Ihrem Widerruf vorgenommen haben, bleiben in diesem Fall rechtm\u00e4\u00dfig. Zu diesem Zweck k\u00f6nnen Sie einfach eine Nachricht an info@communicads.de schicken.<\/li>\n<\/ul>\n\n\n\n<ol start=\"7\" class=\"wp-block-list\">\n<li><strong>Zust\u00e4ndige Aufsichtsbeh\u00f6rde<\/strong><br>Hamburgischer Beauftragter f\u00fcr Datenschutz und Informationsfreiheit:<br>Prof. Dr. Johannes Caspar<br>Ludwig-Erhard-Str. 22 7.OG<br>20459 Hamburg<br>Telefon: 040\/428 54-40 40<br>Telefax: 040\/428 54-40 00<br>E-Mail: mailbox@datenschutz.hamburg.de<br>Homepage: http:\/\/www.datenschutz-hamburg.de<\/li>\n\n\n\n<li><strong>Welche internetspezifischen Datenverarbeitungen anfallen<\/strong><br>Diese Website nutzt Cookies, wenn diese technisch erforderlich sind oder Sie sich zu Beginn der Nutzung mit dem Einsatz von Cookies und \u00e4hnlichen Technologien einverstanden erkl\u00e4ren (Akzeptieren des &#8222;Cookiebanners&#8220;). Das &#8222;Cookiebanner&#8220; enth\u00e4lt weitere Informationen zu den genutzten Cookies sowie zu Widerrufsm\u00f6glichkeiten. Sollten Sie Ihre urspr\u00fcngliche Einwilligung widerrufen bzw. Detaileinstellungen \u00e4ndern wollen, so k\u00f6nnen Sie das Cookiebanner bzw. die entsprechenden Optionen jederzeit \u00fcber einen kleinen Button am unteren linken Bildrand wieder aufrufen.<br><em><strong>Website-Analyse<\/strong><\/em><br>Wir erfassen Daten zur Websitenutzung, um die Seite zu verbessern. <strong>Wir verzichten dabei auf Google Analytics. <\/strong>Stattdessen nutzen wir das Tool Slimstats. Dieses ist so eingestellt, dass kein Cookie gesetzt wird und die IP-Adresse anonymisiert wird.<br><em><strong>Websitefunktionen und Fremdaufrufe<\/strong><\/em><br>Manche Websitefunktionen bedienen sich bei externen Bibliotheken, um die gew\u00fcnschte<br>Nutzbarkeit m\u00f6glichst einfach herstellen zu k\u00f6nnen. Hierdurch kann es im Hintergrund zu Fremdaufrufen von anderen Domains kommen.<br>Stand: Mai 2020<\/li>\n<\/ol>\n\n\n\n<p><\/p>\n","protected":false},"excerpt":{"rendered":"","protected":false},"author":1,"featured_media":0,"parent":0,"menu_order":0,"comment_status":"closed","ping_status":"open","template":"","meta":{"footnotes":""},"class_list":["post-3","page","type-page","status-publish","hentry"],"_links":{"self":[{"href":"https:\/\/privat-patienten-service.de\/index.php?rest_route=\/wp\/v2\/pages\/3","targetHints":{"allow":["GET"]}}],"collection":[{"href":"https:\/\/privat-patienten-service.de\/index.php?rest_route=\/wp\/v2\/pages"}],"about":[{"href":"https:\/\/privat-patienten-service.de\/index.php?rest_route=\/wp\/v2\/types\/page"}],"author":[{"embeddable":true,"href":"https:\/\/privat-patienten-service.de\/index.php?rest_route=\/wp\/v2\/users\/1"}],"replies":[{"embeddable":true,"href":"https:\/\/privat-patienten-service.de\/index.php?rest_route=%2Fwp%2Fv2%2Fcomments&post=3"}],"version-history":[{"count":47,"href":"https:\/\/privat-patienten-service.de\/index.php?rest_route=\/wp\/v2\/pages\/3\/revisions"}],"predecessor-version":[{"id":25679,"href":"https:\/\/privat-patienten-service.de\/index.php?rest_route=\/wp\/v2\/pages\/3\/revisions\/25679"}],"wp:attachment":[{"href":"https:\/\/privat-patienten-service.de\/index.php?rest_route=%2Fwp%2Fv2%2Fmedia&parent=3"}],"curies":[{"name":"wp","href":"https:\/\/api.w.org\/{rel}","templated":true}]}}