{"id":158,"date":"2020-05-14T16:40:46","date_gmt":"2020-05-14T14:40:46","guid":{"rendered":"https:\/\/privat-patienten-service.de\/?page_id=158"},"modified":"2025-04-18T12:13:29","modified_gmt":"2025-04-18T10:13:29","slug":"absicherung-des-pflegerisikos","status":"publish","type":"page","link":"https:\/\/privat-patienten-service.de\/?page_id=158","title":{"rendered":"Absicherung des Pflegerisikos"},"content":{"rendered":"\n<p>Jeden kann es betreffen, irgendwann pflegebed\u00fcrftig zu werden. Je \u00e4lter, desto eher ist man betroffen. Jedoch auch in j\u00fcngeren Jahren besteht durchaus ein Risiko &#8211; zum Beispiel infolge eines Unfalls oder einer schweren Krankheit. In diesen F\u00e4llen leistet die soziale Pflegeversicherung oder &#8211; bei Privatpatienten &#8211; die private Pflegepflichtversicherung nur einen Beitrag dazu, die Pflegekosten finanziell abzufedern.<\/p>\n\n\n\n<p>Allerdings reicht dieser Beitrag in den meisten F\u00e4llen nicht, um die Kosten zu decken. Die Pflegepflichtversicherung kann nur mehr oder weniger gro\u00dfe Zusch\u00fcsse zu den tats\u00e4chlichen Pflegekosten leisten. Um volle Abdeckung zu gew\u00e4hrleisten, m\u00fcssten deutlich h\u00f6here Beitr\u00e4ge eingezogen werden, was aber schon bei der Einf\u00fchrung der gesetzlichen Pflegeversicherung auf wenig Gegenliebe stie\u00df. Daran hat sich bis heute nichts ge\u00e4ndert. Auch nach der Verbesserung der Pflegeleistungen durch verschiedene Reformen bleibt die gesetzliche Pflegeversicherung lediglich eine Anfangshilfe.<br>&nbsp;<\/p>\n\n\n\n<h2 class=\"wp-block-heading\">Schlie\u00dfung der Pflegel\u00fccke<\/h2>\n\n\n\n<p>Den Rest der Kosten muss man selber zahlen. Und auch wenn diese in F\u00e4llen der station\u00e4ren Pflege, schon die Wohn- und ggf. Verpflegungskosten enthalten, \u00fcbersteigen Sie h\u00e4ufig die verf\u00fcgbaren Mittel (ggf. auch die Rente). Bevor hier der Staat mit Sozialleistungen einspringt, erfolgen Verm\u00f6genspr\u00fcfungen \u00e4hnlich zum Hartz-IV-Antrag. Unter bestimmten Umst\u00e4nden werden sogar die eigenen Kinder zu Zahlungen herangezogen.<\/p>\n\n\n\n<p>Um diesen Szenarien vorzubeugen, ist der Abschluss einer Pflegezusatzversicherung in vielen F\u00e4llen zu empfehlen.<\/p>\n\n\n\n<h2 class=\"wp-block-heading\">Pflegezusatzversicherung &#8211; unterschiedliche M\u00f6glichkeiten<\/h2>\n\n\n\n<p>Es gibt bei Pflegezusatzversicherungen unterschiedliche Varianten:<br>1. Pflegetagegeldversicherung<br>2. Pflegekostenversicherung<br>3. Pflegerentenversicherung<br>4. Staatlich gef\u00f6rderte Pflegezusatzversicherung<\/p>\n\n\n\n<p>Gern informieren wir oder ein spezialisierter Experte aus unserem Netzwerk Sie \u00fcber die Vor- und Nachteile dieser Varianten und besprechen mit Ihnen, welche die f\u00fcr Sie geeignete ist. Kontaktieren Sie uns vorzugsweise <a href=\"mailto:info@communicads.de?subject=Anfrage%20Pflegeversicherung%20privat-patienten-service.de\">per Email<\/a>!<\/p>\n","protected":false},"excerpt":{"rendered":"<p>Jeden kann es betreffen, irgendwann pflegebed\u00fcrftig zu werden. Je \u00e4lter, desto eher ist man betroffen. Jedoch auch in j\u00fcngeren Jahren besteht durchaus ein Risiko &#8211; zum Beispiel infolge eines Unfalls oder einer schweren Krankheit. In<\/p>\n","protected":false},"author":1,"featured_media":0,"parent":0,"menu_order":0,"comment_status":"closed","ping_status":"closed","template":"","meta":{"footnotes":""},"class_list":["post-158","page","type-page","status-publish","hentry"],"_links":{"self":[{"href":"https:\/\/privat-patienten-service.de\/index.php?rest_route=\/wp\/v2\/pages\/158","targetHints":{"allow":["GET"]}}],"collection":[{"href":"https:\/\/privat-patienten-service.de\/index.php?rest_route=\/wp\/v2\/pages"}],"about":[{"href":"https:\/\/privat-patienten-service.de\/index.php?rest_route=\/wp\/v2\/types\/page"}],"author":[{"embeddable":true,"href":"https:\/\/privat-patienten-service.de\/index.php?rest_route=\/wp\/v2\/users\/1"}],"replies":[{"embeddable":true,"href":"https:\/\/privat-patienten-service.de\/index.php?rest_route=%2Fwp%2Fv2%2Fcomments&post=158"}],"version-history":[{"count":9,"href":"https:\/\/privat-patienten-service.de\/index.php?rest_route=\/wp\/v2\/pages\/158\/revisions"}],"predecessor-version":[{"id":25697,"href":"https:\/\/privat-patienten-service.de\/index.php?rest_route=\/wp\/v2\/pages\/158\/revisions\/25697"}],"wp:attachment":[{"href":"https:\/\/privat-patienten-service.de\/index.php?rest_route=%2Fwp%2Fv2%2Fmedia&parent=158"}],"curies":[{"name":"wp","href":"https:\/\/api.w.org\/{rel}","templated":true}]}}